{"id":1168,"date":"2025-06-19T21:25:59","date_gmt":"2025-06-19T19:25:59","guid":{"rendered":"https:\/\/www.carbonbridge.de\/datenschutzbestimmungen\/"},"modified":"2025-10-20T20:56:16","modified_gmt":"2025-10-20T18:56:16","slug":"datenschutzbestimmungen","status":"publish","type":"page","link":"https:\/\/www.carbonbridge.de\/de\/datenschutzbestimmungen\/","title":{"rendered":"Datenschutzbestimmungen"},"content":{"rendered":"\t\t<div data-elementor-type=\"wp-page\" data-elementor-id=\"1168\" class=\"elementor elementor-1168 elementor-3\" data-elementor-post-type=\"page\">\n\t\t\t\t<div class=\"elementor-element elementor-element-cef3bb6 e-flex e-con-boxed e-con e-parent\" data-id=\"cef3bb6\" data-element_type=\"container\">\n\t\t\t\t\t<div class=\"e-con-inner\">\n\t\t\t\t<div class=\"elementor-element elementor-element-bb8feef elementor-widget__width-initial elementor-invisible elementor-widget elementor-widget-heading\" data-id=\"bb8feef\" data-element_type=\"widget\" data-settings=\"{&quot;_animation&quot;:&quot;fadeInDown&quot;}\" data-widget_type=\"heading.default\">\n\t\t\t\t<div class=\"elementor-widget-container\">\n\t\t\t\t\t<h2 class=\"elementor-heading-title elementor-size-default\">Datenschutzerkl\u00e4rung<\/h2>\t\t\t\t<\/div>\n\t\t\t\t<\/div>\n\t\t\t\t<div class=\"elementor-element elementor-element-2caa9eb elementor-widget elementor-widget-text-editor\" data-id=\"2caa9eb\" data-element_type=\"widget\" data-widget_type=\"text-editor.default\">\n\t\t\t\t<div class=\"elementor-widget-container\">\n\t\t\t\t\t\t\t\t\t<p>Wir freuen uns \u00fcber Ihren Besuch auf unserer Webseite. Nachfolgend m\u00f6chten wir Sie \u00fcber den Umgang mit Ihren Daten gem. Art. 13 Datenschutz-Grundverordnung (DSGVO) informieren.<\/p><h4>Verantwortlicher<\/h4><p>Verantwortlich f\u00fcr die nachfolgend dargestellten Datenverarbeitungen ist die im Impressum genannte Stelle.<\/p><h4>Datensicherheit<\/h4><p>Um Ihre Daten vor unerw\u00fcnschten Zugriffen m\u00f6glichst umfassend zu sch\u00fctzen, treffen wir technische und organisatorische Ma\u00dfnahmen. Wir setzen auf unseren Webseiten ein Verschl\u00fcsselungsverfahren ein. Ihre Angaben werden von Ihrem Rechner zu unserem Server und umgekehrt \u00fcber das Internet mittels einer TLS-Verschl\u00fcsselung \u00fcbertragen. Sie erkennen dies in der Regel daran, dass in der Statusleiste Ihres Browsers das Schloss-Symbol geschlossen ist und die Adresszeile mit https:\/\/ beginnt.<\/p><h4>Erforderliche Cookies<\/h4><p>Auf unseren Webseiten setzen wir Cookies ein, die zur Nutzung unserer Webseiten erforderlich sind.<\/p><p>Cookies sind kleine Textdateien, die auf Ihrem Endger\u00e4t gespeichert und ausgelesen werden k\u00f6nnen. Man unterscheidet zwischen Session-Cookies, die wieder gel\u00f6scht werden, sobald Sie ihren Browser schlie\u00dfen und permanenten Cookies, die \u00fcber die einzelne Sitzung hinaus gespeichert werden.<\/p><p>Wir nutzen diese erforderlichen Cookies nicht f\u00fcr Analyse-, Tracking- oder Werbezwecke.<\/p><p>Teilweise enthalten diese Cookies lediglich Informationen zu bestimmten Einstellungen und sind nicht personenbeziehbar. Sie k\u00f6nnen auch notwendig sein, um die Benutzerf\u00fchrung, Sicherheit und Umsetzung der Seite zu erm\u00f6glichen.<\/p><p>Wir nutzen diese Cookies auf Grundlage unseres berechtigten Interesses nach Art. 6 Abs. 1 S. 1 lit. f DSGVO.<\/p><p>Sie k\u00f6nnen Ihren Browser so einstellen, dass er Sie \u00fcber die Platzierung von Cookies informiert. \u00a0Zudem k\u00f6nnen Sie diese jederzeit \u00fcber die entsprechende Browsereinstellung l\u00f6schen und das Setzen neuer Cookies verhindern. Bitte beachten Sie, dass unsere Webseiten dann gegebenenfalls nicht vollst\u00e4ndig angezeigt werden k\u00f6nnen und einige Funktionen technisch nicht mehr zur Verf\u00fcgung stehen.<\/p><h4>Cookie Management<\/h4><p>Zur Verwaltung der eingesetzten Cookies und \u00e4hnlichen Technologien (Tracking-Pixel, Web-Beacons etc.) und diesbez\u00fcglicher Einwilligungen setzen wir das Consent Tool &#8222;Real Cookie Banner&#8220; ein. Details zur Funktionsweise von &#8222;Real Cookie Banner&#8220; finden Sie unter <a href=\"https:\/\/devowl.io\/rcb\/data-processing\/.\">https:\/\/devowl.io\/de\/rcb\/datenverarbeitung\/<\/a>.<\/p><p>Rechtsgrundlagen f\u00fcr die Verarbeitung von personenbezogenen Daten in diesem Zusammenhang sind Art. 6 Abs. 1 lit. c DS-GVO und Art. 6 Abs. 1 lit. f DS-GVO. Unser berechtigtes Interesse ist die Verwaltung der eingesetzten Cookies und \u00e4hnlichen Technologien und der diesbez\u00fcglichen Einwilligungen.<\/p><p>Die Bereitstellung der personenbezogenen Daten ist weder vertraglich vorgeschrieben noch f\u00fcr den Abschluss eines Vertrages notwendig. Sie sind nicht verpflichtet die personenbezogenen Daten bereitzustellen. Wenn Sie die personenbezogenen Daten nicht bereitstellen, k\u00f6nnen wir Ihre Einwilligungen nicht verwalten.<\/p><h4>Speicherdauer<\/h4><p>Sofern wir nicht im Einzelnen bereits \u00fcber die Speicherdauer informiert haben, l\u00f6schen wir personenbezogene Daten, wenn sie f\u00fcr die vorgenannten Verarbeitungszwecke nicht mehr erforderlich sind und keine berechtigten Interessen oder andere (gesetzliche) Aufbewahrungsgr\u00fcnde einer L\u00f6schung entgegenstehen.<\/p><h4>Weitere Auftragsverarbeiter<\/h4><p>Wir geben Ihre Daten im Rahmen einer Auftragsverarbeitung gem. Art. 28 DSGVO an Dienstleister weiter, die uns beim Betrieb unserer Webseiten und der damit zusammenh\u00e4ngenden Prozesse unterst\u00fctzen. Das sind z.B. Hosting-Dienstleister. Unsere Dienstleister sind uns gegen\u00fcber streng weisungsgebunden und entsprechend vertraglich verpflichtet.<\/p><p>Nachfolgend nennen wir Ihnen die Auftragsverarbeiter, mit denen wir zusammenarbeiten, sofern wir dies im vorstehenden Text der Datenschutzerkl\u00e4rung noch nicht getan haben. Sofern in diesem Rahmen Daten au\u00dferhalb der EU bzw. des EWR verarbeitet werden k\u00f6nnen, informieren wir Sie hier\u00fcber in der nachfolgenden Auflistung.<\/p><p><strong>Auftragsverarbeiter<\/strong><br \/>1&amp;1 Internet SE<br data-start=\"10138\" data-end=\"10141\" \/>Elgendorfer Str. 57<br data-start=\"10160\" data-end=\"10163\" \/>56410 Montabaur<br data-start=\"10178\" data-end=\"10181\" \/>Germany<\/p><p><strong>Zweck<\/strong><br \/>Webhosting<\/p><p><strong>Angemessenes Datenschutzniveau<\/strong><br \/>Verarbeitung nur innerhalb der EU<\/p><h4>\u00a0<\/h4><h4>Ihre Rechte als betroffene Person<\/h4><p>Bei der Verarbeitung Ihrer personenbezogenen Daten gew\u00e4hrt die DSGVO Ihnen als betroffene Person bestimmte Rechte:<\/p><h5>Auskunftsrecht (Art. 15 DSGVO)<\/h5><p>Sie haben das Recht eine Best\u00e4tigung dar\u00fcber zu verlangen, ob Sie betreffende personenbezogene Daten verarbeitet werden; ist dies der Fall, so haben Sie ein Recht auf Auskunft \u00fcber diese personenbezogenen Daten und auf die in Art. 15 DSGVO im Einzelnen aufgef\u00fchrten Informationen.<\/p><h5>Recht auf Berichtigung (Art. 16 DSGVO)<\/h5><p>Sie haben das Recht, unverz\u00fcglich die Berichtigung Sie betreffender unrichtiger personenbezogener Daten und ggf. die Vervollst\u00e4ndigung unvollst\u00e4ndiger Daten zu verlangen.<\/p><h5>Recht auf L\u00f6schung (Art. 17 DSGVO)<\/h5><p>Sie haben das Recht, zu verlangen, dass Sie betreffende personenbezogene Daten unverz\u00fcglich gel\u00f6scht werden, sofern einer der in Art. 17 DSGVO im Einzelnen aufgef\u00fchrten Gr\u00fcnde zutrifft.<\/p><h5>Recht auf Einschr\u00e4nkung der Verarbeitung (Art. 18 DSGVO)<\/h5><p>Sie haben das Recht, die Einschr\u00e4nkung der Verarbeitung zu verlangen, wenn eine der in Art. 18 DSGVO aufgef\u00fchrten Voraussetzungen gegeben ist, z. B. wenn Sie Widerspruch gegen die Verarbeitung eingelegt haben, f\u00fcr die Dauer der Pr\u00fcfung durch den Verantwortlichen.<\/p><h5>Recht auf Daten\u00fcbertragbarkeit (Art. 20 DSGVO)<\/h5><p>In bestimmten F\u00e4llen, die in Art. 20 DSGVO im Einzelnen aufgef\u00fchrt sind, haben Sie das Recht, die Sie betreffenden personenbezogenen Daten in einem strukturierten, g\u00e4ngigen und maschinenlesbaren Format zu erhalten bzw. die \u00dcbermittlung dieser Daten an einen Dritten zu verlangen.<\/p><h5>Widerrufsrecht (Art. 7 DSGVO)<\/h5><p>Sofern die Verarbeitung von Daten auf Grundlage Ihrer Einwilligung erfolgt, sind Sie nach Art. 7 Abs. 3 DSGVO berechtigt, die Einwilligung in die Verwendung Ihrer personenbezogenen Daten jederzeit zu widerrufen. Bitte beachten Sie, dass der Widerruf erst f\u00fcr die Zukunft wirkt. Verarbeitungen, die vor dem Widerruf erfolgt sind, sind davon nicht betroffen.<\/p><h5>Widerspruchsrecht (Art. 21 DSGVO)<\/h5><p>Werden Daten auf Grundlage von Art. 6 Abs. 1 S. 1 lit. f DSGVO (Datenverarbeitung zur Wahrung berechtigter Interessen) oder auf Grundlage von Art. 6 Abs. 1 S. 1 lit. e DSGVO (Datenverarbeitung zur Wahrung \u00f6ffentlichen Interesse oder in Aus\u00fcbung \u00f6ffentlicher Gewalt) erhoben, steht Ihnen das Recht zu, aus Gr\u00fcnden, die sich aus Ihrer besonderen Situation ergeben, jederzeit gegen die Verarbeitung Widerspruch einzulegen. Wir verarbeiten die personenbezogenen Daten dann nicht mehr, es sei denn, es liegen nachweisbar zwingende schutzw\u00fcrdige Gr\u00fcnde f\u00fcr die Verarbeitung vor, die gegen\u00fcber Ihren Interessen, Rechten und Freiheiten \u00fcberwiegen, oder die Verarbeitung dient der Geltendmachung, Aus\u00fcbung oder Verteidigung von Rechtsanspr\u00fcchen.<\/p><h5>Beschwerderecht bei einer Aufsichtsbeh\u00f6rde (Art. 77 DSGVO)<\/h5><p>Sie haben gem. Art. 77 DSGVO das Recht auf Beschwerde bei einer Aufsichtsbeh\u00f6rde, wenn Sie der Ansicht sind, dass die Verarbeitung der Sie betreffenden Daten gegen datenschutzrechtliche Bestimmungen verst\u00f6\u00dft. Das Beschwerderecht kann insbesondere bei einer Aufsichtsbeh\u00f6rde in dem Mitgliedstaat Ihres gew\u00f6hnlichen Aufenthaltsorts, Ihres Arbeitsplatzes oder des Orts des mutma\u00dflichen Versto\u00dfes geltend gemacht werden.<\/p><h5>Geltendmachung Ihrer Rechte<\/h5><p>Sofern vorstehend nichts anderes beschrieben wurde, wenden Sie sich zur Geltendmachung Ihrer Betroffenenrechte bitte an die im Impressum\u00a0genannte Stelle.<\/p><h5>Kontaktdaten des Datenschutzbeauftragten<\/h5><p>Unser externer Datenschutzbeauftragter steht Ihnen gerne f\u00fcr Ausk\u00fcnfte zum Thema Datenschutz unter folgenden Kontaktdaten zur Verf\u00fcgung:<\/p><p>datenschutz nord GmbH<br \/>Konsul-Smidt-Stra\u00dfe 88<br \/>28217 Bremen<br \/>Web:\u00a0<a href=\"https:\/\/www.dsn-group.de\/\">www.dsn-group.de<\/a><br \/>E-Mail:\u00a0<a href=\"mailto:office@datenschutz-nord.de\">office@datenschutz-nord.de<\/a><\/p><p>Wenn Sie sich an unseren Datenschutzbeauftragten wenden, geben Sie hierbei bitte auch die verantwortliche Stelle an, die im\u00a0Impressum\u00a0genannt wird.<\/p><h5>Bewerbung per E-Mail\u00a0<\/h5><p>Sie haben die M\u00f6glichkeit sich auf die von uns ausgeschriebenen Stellen oder initiativ \u00fcber die angegebene E-Mail-Adresse\u00a0recruiting@ambrian-energy.com\u00a0zu bewerben. Sie selbst legen dabei den Umfang der Daten fest, die Sie im Rahmen Ihrer E-Mail-Bewerbung an uns \u00fcbermitteln m\u00f6chten. Um Ihre Bewerbung ber\u00fccksichtigen zu k\u00f6nnen sind jedoch mindestens folgende Angaben erforderlich: Name, Anschrift, E-Mail-Adresse, Anschreiben bzw. Angabe der gew\u00fcnschten Position, Lebenslauf, Zeugnisse und Qualifikationen.<\/p><p>Wir verarbeiten diese Angaben ausschlie\u00dflich f\u00fcr den Zweck der Bewerberauswahl nach \u00a7 26 Abs. 1 S. 1 BDSG, da diese f\u00fcr die Entscheidung \u00fcber die Begr\u00fcndung eines Besch\u00e4ftigungsverh\u00e4ltnisses erforderlich sind. Eine Datenverarbeitung zu anderen Zwecken erfolgt nicht.<\/p><p>Dar\u00fcber hinaus k\u00f6nnen Sie selbst entscheiden, ob Sie uns weitere Informationen mitteilen m\u00f6chten, z. B. Ihre Hobbies, Ihr Geburtsdatum, Ihre Telefonnummer oder ein Foto von Ihnen.\u00a0<strong>Die Bereitstellung dieser Daten erfolgt freiwillig und ist f\u00fcr die Bewerbung nicht zwingend erforderlich<\/strong>. Sofern Sie in Ihre E-Mail-Bewerbung freiwillige Daten aufnehmen, verarbeiten wir diese auf Grundlage Ihrer Einwilligung nach Art. 6 Abs. 1\u00a0S.1 lit. a DSGVO i.V.m. \u00a7 26 Abs. 2 BDSG. Ihre Einwilligung k\u00f6nnen Sie jederzeit mit Wirkung f\u00fcr die Zukunft widerrufen. Bitte wenden Sie sich hierf\u00fcr an die im Impressum genannte Stelle.<\/p><p>Ihre Angaben werden in unserem Haus vertraulich behandelt. Ggf. nutzen wir streng weisungsgebundene Dienstleister, die uns z.B. in den Bereichen EDV unterst\u00fctzen und mit denen gesonderte Vertr\u00e4ge zur Auftragsverarbeitung geschlossen wurden. Dar\u00fcber hinaus findet eine Weitergabe Ihrer Daten nicht statt. Sofern nach dem Bewerbungsverfahren ein Arbeitsvertrag geschlossen wird, speichern wir die Daten aus Ihrer Bewerbung, die f\u00fcr die Durchf\u00fchrung Ihres Besch\u00e4ftigungsverh\u00e4ltnisses ben\u00f6tigt werden. Rechtsgrundlage f\u00fcr diese Verarbeitung ist \u00a7 26 Abs. 1 S. 1 BDSG. Bei erfolgloser Bewerbung werden Ihre Unterlagen nach Ablauf von\u00a06 Monaten\u00a0gel\u00f6scht. Rechtsgrundlage dieser Verarbeitung ist Art. 6 Abs. 1 S. 1 lit. f DSGVO. Die Verarbeitung bis zur L\u00f6schung erfolgt in unserem berechtigten Interesse, uns gegen etwaige die Bewerbung betreffende Klagen zur Wehr setzen zu k\u00f6nnen. Wir verarbeiten nur die personenbezogenen Daten, die Sie uns im Rahmen des Bewerbungsverfahrens zur Verf\u00fcgung stellen.<\/p>\t\t\t\t\t\t\t\t<\/div>\n\t\t\t\t<\/div>\n\t\t\t\t\t<\/div>\n\t\t\t\t<\/div>\n\t\t\t\t<\/div>\n\t\t","protected":false},"excerpt":{"rendered":"<p>Datenschutzerkl\u00e4rung Wir freuen uns \u00fcber Ihren Besuch auf unserer Webseite. Nachfolgend m\u00f6chten wir Sie \u00fcber den Umgang mit Ihren Daten gem. Art. 13 Datenschutz-Grundverordnung (DSGVO) informieren. Verantwortlicher Verantwortlich f\u00fcr die nachfolgend dargestellten Datenverarbeitungen ist die im Impressum genannte Stelle. Datensicherheit Um Ihre Daten vor unerw\u00fcnschten Zugriffen m\u00f6glichst umfassend zu sch\u00fctzen, treffen wir technische und organisatorische [&hellip;]<\/p>\n","protected":false},"author":1,"featured_media":0,"parent":0,"menu_order":0,"comment_status":"closed","ping_status":"closed","template":"","meta":{"footnotes":""},"class_list":["post-1168","page","type-page","status-publish","hentry"],"yoast_head":"<!-- This site is optimized with the Yoast SEO plugin v26.6 - https:\/\/yoast.com\/wordpress\/plugins\/seo\/ -->\n<title>Datenschutzbestimmungen | CarbonBridge<\/title>\n<meta name=\"robots\" content=\"index, follow, max-snippet:-1, max-image-preview:large, max-video-preview:-1\" \/>\n<link rel=\"canonical\" href=\"https:\/\/www.carbonbridge.de\/de\/datenschutzbestimmungen\/\" \/>\n<meta property=\"og:locale\" content=\"de_DE\" \/>\n<meta property=\"og:type\" content=\"article\" \/>\n<meta property=\"og:title\" content=\"Datenschutzbestimmungen | CarbonBridge\" \/>\n<meta property=\"og:description\" content=\"Datenschutzerkl\u00e4rung Wir freuen uns \u00fcber Ihren Besuch auf unserer Webseite. Nachfolgend m\u00f6chten wir Sie \u00fcber den Umgang mit Ihren Daten gem. Art. 13 Datenschutz-Grundverordnung (DSGVO) informieren. Verantwortlicher Verantwortlich f\u00fcr die nachfolgend dargestellten Datenverarbeitungen ist die im Impressum genannte Stelle. Datensicherheit Um Ihre Daten vor unerw\u00fcnschten Zugriffen m\u00f6glichst umfassend zu sch\u00fctzen, treffen wir technische und organisatorische [&hellip;]\" \/>\n<meta property=\"og:url\" content=\"https:\/\/www.carbonbridge.de\/de\/datenschutzbestimmungen\/\" \/>\n<meta property=\"og:site_name\" content=\"CarbonBridge\" \/>\n<meta property=\"article:modified_time\" content=\"2025-10-20T18:56:16+00:00\" \/>\n<meta property=\"og:image\" content=\"https:\/\/www.carbonbridge.de\/wp-content\/uploads\/2025\/10\/thumbnail_image001.jpg\" \/>\n\t<meta property=\"og:image:width\" content=\"1281\" \/>\n\t<meta property=\"og:image:height\" content=\"645\" \/>\n\t<meta property=\"og:image:type\" content=\"image\/jpeg\" \/>\n<meta name=\"twitter:card\" content=\"summary_large_image\" \/>\n<meta name=\"twitter:label1\" content=\"Gesch\u00e4tzte Lesezeit\" \/>\n\t<meta name=\"twitter:data1\" content=\"8\u00a0Minuten\" \/>\n<script type=\"application\/ld+json\" class=\"yoast-schema-graph\">{\"@context\":\"https:\/\/schema.org\",\"@graph\":[{\"@type\":\"WebPage\",\"@id\":\"https:\/\/www.carbonbridge.de\/de\/datenschutzbestimmungen\/\",\"url\":\"https:\/\/www.carbonbridge.de\/de\/datenschutzbestimmungen\/\",\"name\":\"Datenschutzbestimmungen | CarbonBridge\",\"isPartOf\":{\"@id\":\"https:\/\/www.carbonbridge.de\/de\/#website\"},\"datePublished\":\"2025-06-19T19:25:59+00:00\",\"dateModified\":\"2025-10-20T18:56:16+00:00\",\"breadcrumb\":{\"@id\":\"https:\/\/www.carbonbridge.de\/de\/datenschutzbestimmungen\/#breadcrumb\"},\"inLanguage\":\"de\",\"potentialAction\":[{\"@type\":\"ReadAction\",\"target\":[\"https:\/\/www.carbonbridge.de\/de\/datenschutzbestimmungen\/\"]}]},{\"@type\":\"BreadcrumbList\",\"@id\":\"https:\/\/www.carbonbridge.de\/de\/datenschutzbestimmungen\/#breadcrumb\",\"itemListElement\":[{\"@type\":\"ListItem\",\"position\":1,\"name\":\"Home\",\"item\":\"https:\/\/www.carbonbridge.de\/de\/\"},{\"@type\":\"ListItem\",\"position\":2,\"name\":\"Datenschutzbestimmungen\"}]},{\"@type\":\"WebSite\",\"@id\":\"https:\/\/www.carbonbridge.de\/de\/#website\",\"url\":\"https:\/\/www.carbonbridge.de\/de\/\",\"name\":\"CarbonBridge\",\"description\":\"Germany&#039;s First Operational CO2 Export Terminal\",\"publisher\":{\"@id\":\"https:\/\/www.carbonbridge.de\/de\/#organization\"},\"alternateName\":\"C02 Storage and CO2 Export Terminal\",\"potentialAction\":[{\"@type\":\"SearchAction\",\"target\":{\"@type\":\"EntryPoint\",\"urlTemplate\":\"https:\/\/www.carbonbridge.de\/de\/?s={search_term_string}\"},\"query-input\":{\"@type\":\"PropertyValueSpecification\",\"valueRequired\":true,\"valueName\":\"search_term_string\"}}],\"inLanguage\":\"de\"},{\"@type\":\"Organization\",\"@id\":\"https:\/\/www.carbonbridge.de\/de\/#organization\",\"name\":\"CarbonBridge\",\"alternateName\":\"Carbon Bridge\",\"url\":\"https:\/\/www.carbonbridge.de\/de\/\",\"logo\":{\"@type\":\"ImageObject\",\"inLanguage\":\"de\",\"@id\":\"https:\/\/www.carbonbridge.de\/de\/#\/schema\/logo\/image\/\",\"url\":\"https:\/\/www.carbonbridge.de\/wp-content\/uploads\/2025\/10\/cropped-carbon_bridge_fav.png\",\"contentUrl\":\"https:\/\/www.carbonbridge.de\/wp-content\/uploads\/2025\/10\/cropped-carbon_bridge_fav.png\",\"width\":512,\"height\":512,\"caption\":\"CarbonBridge\"},\"image\":{\"@id\":\"https:\/\/www.carbonbridge.de\/de\/#\/schema\/logo\/image\/\"}}]}<\/script>\n<!-- \/ Yoast SEO plugin. -->","yoast_head_json":{"title":"Datenschutzbestimmungen | CarbonBridge","robots":{"index":"index","follow":"follow","max-snippet":"max-snippet:-1","max-image-preview":"max-image-preview:large","max-video-preview":"max-video-preview:-1"},"canonical":"https:\/\/www.carbonbridge.de\/de\/datenschutzbestimmungen\/","og_locale":"de_DE","og_type":"article","og_title":"Datenschutzbestimmungen | CarbonBridge","og_description":"Datenschutzerkl\u00e4rung Wir freuen uns \u00fcber Ihren Besuch auf unserer Webseite. Nachfolgend m\u00f6chten wir Sie \u00fcber den Umgang mit Ihren Daten gem. Art. 13 Datenschutz-Grundverordnung (DSGVO) informieren. Verantwortlicher Verantwortlich f\u00fcr die nachfolgend dargestellten Datenverarbeitungen ist die im Impressum genannte Stelle. Datensicherheit Um Ihre Daten vor unerw\u00fcnschten Zugriffen m\u00f6glichst umfassend zu sch\u00fctzen, treffen wir technische und organisatorische [&hellip;]","og_url":"https:\/\/www.carbonbridge.de\/de\/datenschutzbestimmungen\/","og_site_name":"CarbonBridge","article_modified_time":"2025-10-20T18:56:16+00:00","og_image":[{"width":1281,"height":645,"url":"https:\/\/www.carbonbridge.de\/wp-content\/uploads\/2025\/10\/thumbnail_image001.jpg","type":"image\/jpeg"}],"twitter_card":"summary_large_image","twitter_misc":{"Gesch\u00e4tzte Lesezeit":"8\u00a0Minuten"},"schema":{"@context":"https:\/\/schema.org","@graph":[{"@type":"WebPage","@id":"https:\/\/www.carbonbridge.de\/de\/datenschutzbestimmungen\/","url":"https:\/\/www.carbonbridge.de\/de\/datenschutzbestimmungen\/","name":"Datenschutzbestimmungen | CarbonBridge","isPartOf":{"@id":"https:\/\/www.carbonbridge.de\/de\/#website"},"datePublished":"2025-06-19T19:25:59+00:00","dateModified":"2025-10-20T18:56:16+00:00","breadcrumb":{"@id":"https:\/\/www.carbonbridge.de\/de\/datenschutzbestimmungen\/#breadcrumb"},"inLanguage":"de","potentialAction":[{"@type":"ReadAction","target":["https:\/\/www.carbonbridge.de\/de\/datenschutzbestimmungen\/"]}]},{"@type":"BreadcrumbList","@id":"https:\/\/www.carbonbridge.de\/de\/datenschutzbestimmungen\/#breadcrumb","itemListElement":[{"@type":"ListItem","position":1,"name":"Home","item":"https:\/\/www.carbonbridge.de\/de\/"},{"@type":"ListItem","position":2,"name":"Datenschutzbestimmungen"}]},{"@type":"WebSite","@id":"https:\/\/www.carbonbridge.de\/de\/#website","url":"https:\/\/www.carbonbridge.de\/de\/","name":"CarbonBridge","description":"Germany&#039;s First Operational CO2 Export Terminal","publisher":{"@id":"https:\/\/www.carbonbridge.de\/de\/#organization"},"alternateName":"C02 Storage and CO2 Export Terminal","potentialAction":[{"@type":"SearchAction","target":{"@type":"EntryPoint","urlTemplate":"https:\/\/www.carbonbridge.de\/de\/?s={search_term_string}"},"query-input":{"@type":"PropertyValueSpecification","valueRequired":true,"valueName":"search_term_string"}}],"inLanguage":"de"},{"@type":"Organization","@id":"https:\/\/www.carbonbridge.de\/de\/#organization","name":"CarbonBridge","alternateName":"Carbon Bridge","url":"https:\/\/www.carbonbridge.de\/de\/","logo":{"@type":"ImageObject","inLanguage":"de","@id":"https:\/\/www.carbonbridge.de\/de\/#\/schema\/logo\/image\/","url":"https:\/\/www.carbonbridge.de\/wp-content\/uploads\/2025\/10\/cropped-carbon_bridge_fav.png","contentUrl":"https:\/\/www.carbonbridge.de\/wp-content\/uploads\/2025\/10\/cropped-carbon_bridge_fav.png","width":512,"height":512,"caption":"CarbonBridge"},"image":{"@id":"https:\/\/www.carbonbridge.de\/de\/#\/schema\/logo\/image\/"}}]}},"_links":{"self":[{"href":"https:\/\/www.carbonbridge.de\/de\/wp-json\/wp\/v2\/pages\/1168","targetHints":{"allow":["GET"]}}],"collection":[{"href":"https:\/\/www.carbonbridge.de\/de\/wp-json\/wp\/v2\/pages"}],"about":[{"href":"https:\/\/www.carbonbridge.de\/de\/wp-json\/wp\/v2\/types\/page"}],"author":[{"embeddable":true,"href":"https:\/\/www.carbonbridge.de\/de\/wp-json\/wp\/v2\/users\/1"}],"replies":[{"embeddable":true,"href":"https:\/\/www.carbonbridge.de\/de\/wp-json\/wp\/v2\/comments?post=1168"}],"version-history":[{"count":0,"href":"https:\/\/www.carbonbridge.de\/de\/wp-json\/wp\/v2\/pages\/1168\/revisions"}],"wp:attachment":[{"href":"https:\/\/www.carbonbridge.de\/de\/wp-json\/wp\/v2\/media?parent=1168"}],"curies":[{"name":"wp","href":"https:\/\/api.w.org\/{rel}","templated":true}]}}