{"id":2668,"date":"2025-10-09T20:06:17","date_gmt":"2025-10-09T18:06:17","guid":{"rendered":"https:\/\/www.carbonbridge.de\/?page_id=2668"},"modified":"2025-10-20T20:46:03","modified_gmt":"2025-10-20T18:46:03","slug":"broschuere-download","status":"publish","type":"page","link":"https:\/\/www.carbonbridge.de\/de\/broschuere-download\/","title":{"rendered":"Brosch\u00fcre Download"},"content":{"rendered":"\t\t<div data-elementor-type=\"wp-page\" data-elementor-id=\"2668\" class=\"elementor elementor-2668 elementor-2626\" data-elementor-post-type=\"page\">\n\t\t\t\t\t\t<section class=\"elementor-section elementor-top-section elementor-element elementor-element-e766bbc elementor-section-boxed elementor-section-height-default elementor-section-height-default\" data-id=\"e766bbc\" data-element_type=\"section\" data-settings=\"{&quot;background_background&quot;:&quot;classic&quot;}\">\n\t\t\t\t\t\t<div class=\"elementor-container elementor-column-gap-default\">\n\t\t\t\t\t<div class=\"elementor-column elementor-col-50 elementor-top-column elementor-element elementor-element-affb592\" data-id=\"affb592\" data-element_type=\"column\">\n\t\t\t<div class=\"elementor-widget-wrap elementor-element-populated\">\n\t\t\t\t\t\t<div class=\"elementor-element elementor-element-d6b1b53 animated-fast elementor-widget-mobile__width-initial elementor-view-default elementor-invisible elementor-widget elementor-widget-icon\" data-id=\"d6b1b53\" data-element_type=\"widget\" data-settings=\"{&quot;_animation&quot;:&quot;fadeInDown&quot;}\" data-widget_type=\"icon.default\">\n\t\t\t\t<div class=\"elementor-widget-container\">\n\t\t\t\t\t\t\t<div class=\"elementor-icon-wrapper\">\n\t\t\t<div class=\"elementor-icon\">\n\t\t\t<svg aria-hidden=\"true\" class=\"e-font-icon-svg e-fas-cloud-download-alt\" viewBox=\"0 0 640 512\" xmlns=\"http:\/\/www.w3.org\/2000\/svg\"><path d=\"M537.6 226.6c4.1-10.7 6.4-22.4 6.4-34.6 0-53-43-96-96-96-19.7 0-38.1 6-53.3 16.2C367 64.2 315.3 32 256 32c-88.4 0-160 71.6-160 160 0 2.7.1 5.4.2 8.1C40.2 219.8 0 273.2 0 336c0 79.5 64.5 144 144 144h368c70.7 0 128-57.3 128-128 0-61.9-44-113.6-102.4-125.4zm-132.9 88.7L299.3 420.7c-6.2 6.2-16.4 6.2-22.6 0L171.3 315.3c-10.1-10.1-2.9-27.3 11.3-27.3H248V176c0-8.8 7.2-16 16-16h48c8.8 0 16 7.2 16 16v112h65.4c14.2 0 21.4 17.2 11.3 27.3z\"><\/path><\/svg>\t\t\t<\/div>\n\t\t<\/div>\n\t\t\t\t\t\t<\/div>\n\t\t\t\t<\/div>\n\t\t\t\t\t<\/div>\n\t\t<\/div>\n\t\t\t\t<div class=\"elementor-column elementor-col-50 elementor-top-column elementor-element elementor-element-96f7abd\" data-id=\"96f7abd\" data-element_type=\"column\">\n\t\t\t<div class=\"elementor-widget-wrap elementor-element-populated\">\n\t\t\t\t\t\t<div class=\"elementor-element elementor-element-4f777a1 elementor-widget__width-initial elementor-invisible elementor-widget elementor-widget-heading\" data-id=\"4f777a1\" data-element_type=\"widget\" data-settings=\"{&quot;_animation&quot;:&quot;fadeInDown&quot;}\" data-widget_type=\"heading.default\">\n\t\t\t\t<div class=\"elementor-widget-container\">\n\t\t\t\t\t<h2 class=\"elementor-heading-title elementor-size-default\">Ihre Brosch\u00fcre ist <br>bereit zum Download<\/h2>\t\t\t\t<\/div>\n\t\t\t\t<\/div>\n\t\t\t\t<div class=\"elementor-element elementor-element-7727295 elementor-widget-tablet__width-inherit elementor-widget-mobile__width-inherit elementor-widget__width-initial elementor-widget elementor-widget-text-editor\" data-id=\"7727295\" data-element_type=\"widget\" data-widget_type=\"text-editor.default\">\n\t\t\t\t<div class=\"elementor-widget-container\">\n\t\t\t\t\t\t\t\t\t<p><strong>Danke f\u00fcr Ihr Interesse an CarbonBridge!<\/strong><br data-start=\"41\" data-end=\"44\" \/>Du kannst unsere Brosch\u00fcre jetzt \u00fcber den untenstehenden Button herunterladen.<\/p>\t\t\t\t\t\t\t\t<\/div>\n\t\t\t\t<\/div>\n\t\t\t\t<div class=\"elementor-element elementor-element-9484675 elementor-invisible elementor-widget elementor-widget-button\" data-id=\"9484675\" data-element_type=\"widget\" data-settings=\"{&quot;_animation&quot;:&quot;flash&quot;}\" data-widget_type=\"button.default\">\n\t\t\t\t<div class=\"elementor-widget-container\">\n\t\t\t\t\t\t\t\t\t<div class=\"elementor-button-wrapper\">\n\t\t\t\t\t<a class=\"elementor-button elementor-button-link elementor-size-sm\" href=\"https:\/\/www.carbonbridge.de\/wp-content\/uploads\/2025\/10\/20251006_CCS_Marketing_Brochure_EN.pdf\" target=\"_blank\" download=\"\">\n\t\t\t\t\t\t<span class=\"elementor-button-content-wrapper\">\n\t\t\t\t\t\t<span class=\"elementor-button-icon\">\n\t\t\t\t<svg aria-hidden=\"true\" class=\"e-font-icon-svg e-fas-file-pdf\" viewBox=\"0 0 384 512\" xmlns=\"http:\/\/www.w3.org\/2000\/svg\"><path d=\"M181.9 256.1c-5-16-4.9-46.9-2-46.9 8.4 0 7.6 36.9 2 46.9zm-1.7 47.2c-7.7 20.2-17.3 43.3-28.4 62.7 18.3-7 39-17.2 62.9-21.9-12.7-9.6-24.9-23.4-34.5-40.8zM86.1 428.1c0 .8 13.2-5.4 34.9-40.2-6.7 6.3-29.1 24.5-34.9 40.2zM248 160h136v328c0 13.3-10.7 24-24 24H24c-13.3 0-24-10.7-24-24V24C0 10.7 10.7 0 24 0h200v136c0 13.2 10.8 24 24 24zm-8 171.8c-20-12.2-33.3-29-42.7-53.8 4.5-18.5 11.6-46.6 6.2-64.2-4.7-29.4-42.4-26.5-47.8-6.8-5 18.3-.4 44.1 8.1 77-11.6 27.6-28.7 64.6-40.8 85.8-.1 0-.1.1-.2.1-27.1 13.9-73.6 44.5-54.5 68 5.6 6.9 16 10 21.5 10 17.9 0 35.7-18 61.1-61.8 25.8-8.5 54.1-19.1 79-23.2 21.7 11.8 47.1 19.5 64 19.5 29.2 0 31.2-32 19.7-43.4-13.9-13.6-54.3-9.7-73.6-7.2zM377 105L279 7c-4.5-4.5-10.6-7-17-7h-6v128h128v-6.1c0-6.3-2.5-12.4-7-16.9zm-74.1 255.3c4.1-2.7-2.5-11.9-42.8-9 37.1 15.8 42.8 9 42.8 9z\"><\/path><\/svg>\t\t\t<\/span>\n\t\t\t\t\t\t\t\t\t<span class=\"elementor-button-text\">Datei-Download  (PDF)<\/span>\n\t\t\t\t\t<\/span>\n\t\t\t\t\t<\/a>\n\t\t\t\t<\/div>\n\t\t\t\t\t\t\t\t<\/div>\n\t\t\t\t<\/div>\n\t\t\t\t\t<\/div>\n\t\t<\/div>\n\t\t\t\t\t<\/div>\n\t\t<\/section>\n\t\t<div class=\"elementor-element elementor-element-fa7b73c e-flex e-con-boxed e-con e-parent\" data-id=\"fa7b73c\" data-element_type=\"container\" data-settings=\"{&quot;background_background&quot;:&quot;classic&quot;}\">\n\t\t\t\t\t<div class=\"e-con-inner\">\n\t\t<div class=\"elementor-element elementor-element-31246ff e-con-full e-flex e-con e-child\" data-id=\"31246ff\" data-element_type=\"container\">\n\t\t\t\t<div class=\"elementor-element elementor-element-f8ff166 elementor-widget__width-initial elementor-widget elementor-widget-heading\" data-id=\"f8ff166\" data-element_type=\"widget\" data-widget_type=\"heading.default\">\n\t\t\t\t<div class=\"elementor-widget-container\">\n\t\t\t\t\t<h2 class=\"elementor-heading-title elementor-size-default\">Kontakt aufnehmen<\/h2>\t\t\t\t<\/div>\n\t\t\t\t<\/div>\n\t\t\t\t<div class=\"elementor-element elementor-element-4aea1d0 elementor-widget__width-initial elementor-widget elementor-widget-text-editor\" data-id=\"4aea1d0\" data-element_type=\"widget\" data-widget_type=\"text-editor.default\">\n\t\t\t\t<div class=\"elementor-widget-container\">\n\t\t\t\t\t\t\t\t\t<p>Haben Sie Fragen oder Interesse an einer Partnerschaft? F\u00fcllen Sie unser Kontaktfomular aus &#8211; wir werden uns so schnell wie m\u00f6glich bei Ihnen melden.<\/p>\t\t\t\t\t\t\t\t<\/div>\n\t\t\t\t<\/div>\n\t\t\t\t<div class=\"elementor-element elementor-element-a0eda02 animated-fast elementor-invisible elementor-widget elementor-widget-button\" data-id=\"a0eda02\" data-element_type=\"widget\" data-settings=\"{&quot;_animation&quot;:&quot;fadeInUp&quot;,&quot;_animation_delay&quot;:0}\" data-widget_type=\"button.default\">\n\t\t\t\t<div class=\"elementor-widget-container\">\n\t\t\t\t\t\t\t\t\t<div class=\"elementor-button-wrapper\">\n\t\t\t\t\t<a class=\"elementor-button elementor-button-link elementor-size-sm\" href=\"#elementor-action%3Aaction%3Dpopup%3Aopen%26settings%3DeyJpZCI6MTgwNiwidG9nZ2xlIjpmYWxzZX0%3D\">\n\t\t\t\t\t\t<span class=\"elementor-button-content-wrapper\">\n\t\t\t\t\t\t<span class=\"elementor-button-icon\">\n\t\t\t\t<svg aria-hidden=\"true\" class=\"e-font-icon-svg e-fas-long-arrow-alt-right\" viewBox=\"0 0 448 512\" xmlns=\"http:\/\/www.w3.org\/2000\/svg\"><path d=\"M313.941 216H12c-6.627 0-12 5.373-12 12v56c0 6.627 5.373 12 12 12h301.941v46.059c0 21.382 25.851 32.09 40.971 16.971l86.059-86.059c9.373-9.373 9.373-24.569 0-33.941l-86.059-86.059c-15.119-15.119-40.971-4.411-40.971 16.971V216z\"><\/path><\/svg>\t\t\t<\/span>\n\t\t\t\t\t\t\t\t\t<span class=\"elementor-button-text\">Nachricht senden<\/span>\n\t\t\t\t\t<\/span>\n\t\t\t\t\t<\/a>\n\t\t\t\t<\/div>\n\t\t\t\t\t\t\t\t<\/div>\n\t\t\t\t<\/div>\n\t\t\t\t<\/div>\n\t\t<div class=\"elementor-element elementor-element-eaa20c0 e-con-full e-flex e-con e-child\" data-id=\"eaa20c0\" data-element_type=\"container\" data-settings=\"{&quot;background_background&quot;:&quot;classic&quot;}\">\n\t\t\t\t<div class=\"elementor-element elementor-element-069db09 elementor-widget__width-initial animated-fast elementor-invisible elementor-widget elementor-widget-image\" data-id=\"069db09\" data-element_type=\"widget\" data-settings=\"{&quot;_animation&quot;:&quot;zoomIn&quot;}\" data-widget_type=\"image.default\">\n\t\t\t\t<div class=\"elementor-widget-container\">\n\t\t\t\t\t\t\t\t\t\t\t\t\t\t\t<img fetchpriority=\"high\" decoding=\"async\" width=\"800\" height=\"800\" src=\"https:\/\/www.carbonbridge.de\/wp-content\/uploads\/2025\/07\/Kreis_CB_Huttmann_V5.png\" class=\"attachment-large size-large wp-image-847\" alt=\"\" srcset=\"https:\/\/www.carbonbridge.de\/wp-content\/uploads\/2025\/07\/Kreis_CB_Huttmann_V5.png 888w, https:\/\/www.carbonbridge.de\/wp-content\/uploads\/2025\/07\/Kreis_CB_Huttmann_V5-300x300.png 300w, https:\/\/www.carbonbridge.de\/wp-content\/uploads\/2025\/07\/Kreis_CB_Huttmann_V5-150x150.png 150w, https:\/\/www.carbonbridge.de\/wp-content\/uploads\/2025\/07\/Kreis_CB_Huttmann_V5-768x768.png 768w\" sizes=\"(max-width: 800px) 100vw, 800px\" \/>\t\t\t\t\t\t\t\t\t\t\t\t\t\t\t<\/div>\n\t\t\t\t<\/div>\n\t\t\t\t<\/div>\n\t\t<div class=\"elementor-element elementor-element-a7f3609 e-con-full e-flex e-con e-child\" data-id=\"a7f3609\" data-element_type=\"container\" data-settings=\"{&quot;background_background&quot;:&quot;classic&quot;}\">\n\t\t\t\t<div class=\"elementor-element elementor-element-28c25b1 elementor-widget__width-initial elementor-invisible elementor-widget elementor-widget-heading\" data-id=\"28c25b1\" data-element_type=\"widget\" data-settings=\"{&quot;_animation&quot;:&quot;fadeInDown&quot;,&quot;_animation_delay&quot;:100}\" data-widget_type=\"heading.default\">\n\t\t\t\t<div class=\"elementor-widget-container\">\n\t\t\t\t\t<h2 class=\"elementor-heading-title elementor-size-default\">Raphael H\u00fcttmann<\/h2>\t\t\t\t<\/div>\n\t\t\t\t<\/div>\n\t\t\t\t<div class=\"elementor-element elementor-element-359a437 elementor-widget__width-initial elementor-invisible elementor-widget elementor-widget-heading\" data-id=\"359a437\" data-element_type=\"widget\" data-settings=\"{&quot;_animation&quot;:&quot;fadeInDown&quot;}\" data-widget_type=\"heading.default\">\n\t\t\t\t<div class=\"elementor-widget-container\">\n\t\t\t\t\t<h2 class=\"elementor-heading-title elementor-size-default\">Projektmanager<\/h2>\t\t\t\t<\/div>\n\t\t\t\t<\/div>\n\t\t\t\t<div class=\"elementor-element elementor-element-d59b0b9 elementor-widget__width-initial elementor-widget elementor-widget-heading\" data-id=\"d59b0b9\" data-element_type=\"widget\" data-widget_type=\"heading.default\">\n\t\t\t\t<div class=\"elementor-widget-container\">\n\t\t\t\t\t<h2 class=\"elementor-heading-title elementor-size-default\">P: +49 151 582 669 76 <br> E: contact@carbonbridge.de<\/h2>\t\t\t\t<\/div>\n\t\t\t\t<\/div>\n\t\t\t\t<div class=\"elementor-element elementor-element-0e2fcfd elementor-view-default elementor-widget elementor-widget-icon\" data-id=\"0e2fcfd\" data-element_type=\"widget\" data-widget_type=\"icon.default\">\n\t\t\t\t<div class=\"elementor-widget-container\">\n\t\t\t\t\t\t\t<div class=\"elementor-icon-wrapper\">\n\t\t\t<a class=\"elementor-icon\" href=\"https:\/\/de.linkedin.com\/in\/raphael-h%C3%BCttmann\">\n\t\t\t<svg aria-hidden=\"true\" class=\"e-font-icon-svg e-fab-linkedin\" viewBox=\"0 0 448 512\" xmlns=\"http:\/\/www.w3.org\/2000\/svg\"><path d=\"M416 32H31.9C14.3 32 0 46.5 0 64.3v383.4C0 465.5 14.3 480 31.9 480H416c17.6 0 32-14.5 32-32.3V64.3c0-17.8-14.4-32.3-32-32.3zM135.4 416H69V202.2h66.5V416zm-33.2-243c-21.3 0-38.5-17.3-38.5-38.5S80.9 96 102.2 96c21.2 0 38.5 17.3 38.5 38.5 0 21.3-17.2 38.5-38.5 38.5zm282.1 243h-66.4V312c0-24.8-.5-56.7-34.5-56.7-34.6 0-39.9 27-39.9 54.9V416h-66.4V202.2h63.7v29.2h.9c8.9-16.8 30.6-34.5 62.9-34.5 67.2 0 79.7 44.3 79.7 101.9V416z\"><\/path><\/svg>\t\t\t<\/a>\n\t\t<\/div>\n\t\t\t\t\t\t<\/div>\n\t\t\t\t<\/div>\n\t\t\t\t<\/div>\n\t\t\t\t\t<\/div>\n\t\t\t\t<\/div>\n\t\t<div class=\"elementor-element elementor-element-9480fe0 e-flex e-con-boxed e-con e-parent\" data-id=\"9480fe0\" data-element_type=\"container\" data-settings=\"{&quot;background_background&quot;:&quot;classic&quot;}\">\n\t\t\t\t\t<div class=\"e-con-inner\">\n\t\t<div class=\"elementor-element elementor-element-19a924c e-con-full e-flex e-con e-child\" data-id=\"19a924c\" data-element_type=\"container\">\n\t\t<div class=\"elementor-element elementor-element-ae6af44 e-con-full e-flex e-con e-child\" data-id=\"ae6af44\" data-element_type=\"container\" data-settings=\"{&quot;background_background&quot;:&quot;classic&quot;}\">\n\t\t\t\t<div class=\"elementor-element elementor-element-0df33f7 elementor-widget__width-initial elementor-invisible elementor-widget elementor-widget-image\" data-id=\"0df33f7\" data-element_type=\"widget\" data-settings=\"{&quot;_animation&quot;:&quot;zoomIn&quot;}\" data-widget_type=\"image.default\">\n\t\t\t\t<div class=\"elementor-widget-container\">\n\t\t\t\t\t\t\t\t\t\t\t\t\t\t\t<img decoding=\"async\" width=\"325\" height=\"502\" src=\"https:\/\/www.carbonbridge.de\/wp-content\/uploads\/2025\/10\/carbon_bridge_bildmarke.png\" class=\"attachment-large size-large wp-image-2099\" alt=\"\" srcset=\"https:\/\/www.carbonbridge.de\/wp-content\/uploads\/2025\/10\/carbon_bridge_bildmarke.png 325w, https:\/\/www.carbonbridge.de\/wp-content\/uploads\/2025\/10\/carbon_bridge_bildmarke-194x300.png 194w\" sizes=\"(max-width: 325px) 100vw, 325px\" \/>\t\t\t\t\t\t\t\t\t\t\t\t\t\t\t<\/div>\n\t\t\t\t<\/div>\n\t\t\t\t<div class=\"elementor-element elementor-element-93e5de6 elementor-widget-mobile__width-initial elementor-widget elementor-widget-heading\" data-id=\"93e5de6\" data-element_type=\"widget\" data-widget_type=\"heading.default\">\n\t\t\t\t<div class=\"elementor-widget-container\">\n\t\t\t\t\t<h2 class=\"elementor-heading-title elementor-size-default\">Carbon Bridge  \u2022  Windhukstra\u00dfe 1\u2013\u20093, 28237 Bremen (Germany)<\/h2>\t\t\t\t<\/div>\n\t\t\t\t<\/div>\n\t\t\t\t<\/div>\n\t\t\t\t<\/div>\n\t\t<div class=\"elementor-element elementor-element-50876b9 e-con-full elementor-hidden-mobile e-flex e-con e-child\" data-id=\"50876b9\" data-element_type=\"container\">\n\t\t\t\t<\/div>\n\t\t\t\t\t<\/div>\n\t\t\t\t<\/div>\n\t\t\t\t<\/div>\n\t\t","protected":false},"excerpt":{"rendered":"<p>Ihre Brosch\u00fcre ist bereit zum Download Danke f\u00fcr Ihr Interesse an CarbonBridge!Du kannst unsere Brosch\u00fcre jetzt \u00fcber den untenstehenden Button herunterladen. Datei-Download (PDF) Kontakt aufnehmen Haben Sie Fragen oder Interesse an einer Partnerschaft? F\u00fcllen Sie unser Kontaktfomular aus &#8211; wir werden uns so schnell wie m\u00f6glich bei Ihnen melden. Nachricht senden Raphael H\u00fcttmann Projektmanager P: [&hellip;]<\/p>\n","protected":false},"author":1,"featured_media":0,"parent":0,"menu_order":0,"comment_status":"closed","ping_status":"closed","template":"","meta":{"footnotes":""},"class_list":["post-2668","page","type-page","status-publish","hentry"],"yoast_head":"<!-- This site is optimized with the Yoast SEO plugin v26.6 - https:\/\/yoast.com\/wordpress\/plugins\/seo\/ -->\n<title>Brosch\u00fcre Download | CarbonBridge<\/title>\n<meta name=\"robots\" content=\"index, follow, max-snippet:-1, max-image-preview:large, max-video-preview:-1\" \/>\n<link rel=\"canonical\" href=\"https:\/\/www.carbonbridge.de\/de\/broschuere-download\/\" \/>\n<meta property=\"og:locale\" content=\"de_DE\" \/>\n<meta property=\"og:type\" content=\"article\" \/>\n<meta property=\"og:title\" content=\"Brosch\u00fcre Download | CarbonBridge\" \/>\n<meta property=\"og:description\" content=\"Ihre Brosch\u00fcre ist bereit zum Download Danke f\u00fcr Ihr Interesse an CarbonBridge!Du kannst unsere Brosch\u00fcre jetzt \u00fcber den untenstehenden Button herunterladen. Datei-Download (PDF) Kontakt aufnehmen Haben Sie Fragen oder Interesse an einer Partnerschaft? F\u00fcllen Sie unser Kontaktfomular aus &#8211; wir werden uns so schnell wie m\u00f6glich bei Ihnen melden. Nachricht senden Raphael H\u00fcttmann Projektmanager P: [&hellip;]\" \/>\n<meta property=\"og:url\" content=\"https:\/\/www.carbonbridge.de\/de\/broschuere-download\/\" \/>\n<meta property=\"og:site_name\" content=\"CarbonBridge\" \/>\n<meta property=\"article:modified_time\" content=\"2025-10-20T18:46:03+00:00\" \/>\n<meta property=\"og:image\" content=\"https:\/\/www.carbonbridge.de\/wp-content\/uploads\/2025\/07\/Kreis_CB_Huttmann_V5.png\" \/>\n<meta name=\"twitter:card\" content=\"summary_large_image\" \/>\n<meta name=\"twitter:label1\" content=\"Gesch\u00e4tzte Lesezeit\" \/>\n\t<meta name=\"twitter:data1\" content=\"1\u00a0Minute\" \/>\n<script type=\"application\/ld+json\" class=\"yoast-schema-graph\">{\"@context\":\"https:\/\/schema.org\",\"@graph\":[{\"@type\":\"WebPage\",\"@id\":\"https:\/\/www.carbonbridge.de\/de\/broschuere-download\/\",\"url\":\"https:\/\/www.carbonbridge.de\/de\/broschuere-download\/\",\"name\":\"Brosch\u00fcre Download | CarbonBridge\",\"isPartOf\":{\"@id\":\"https:\/\/www.carbonbridge.de\/de\/#website\"},\"primaryImageOfPage\":{\"@id\":\"https:\/\/www.carbonbridge.de\/de\/broschuere-download\/#primaryimage\"},\"image\":{\"@id\":\"https:\/\/www.carbonbridge.de\/de\/broschuere-download\/#primaryimage\"},\"thumbnailUrl\":\"https:\/\/www.carbonbridge.de\/wp-content\/uploads\/2025\/07\/Kreis_CB_Huttmann_V5.png\",\"datePublished\":\"2025-10-09T18:06:17+00:00\",\"dateModified\":\"2025-10-20T18:46:03+00:00\",\"breadcrumb\":{\"@id\":\"https:\/\/www.carbonbridge.de\/de\/broschuere-download\/#breadcrumb\"},\"inLanguage\":\"de\",\"potentialAction\":[{\"@type\":\"ReadAction\",\"target\":[\"https:\/\/www.carbonbridge.de\/de\/broschuere-download\/\"]}]},{\"@type\":\"ImageObject\",\"inLanguage\":\"de\",\"@id\":\"https:\/\/www.carbonbridge.de\/de\/broschuere-download\/#primaryimage\",\"url\":\"https:\/\/www.carbonbridge.de\/wp-content\/uploads\/2025\/07\/Kreis_CB_Huttmann_V5.png\",\"contentUrl\":\"https:\/\/www.carbonbridge.de\/wp-content\/uploads\/2025\/07\/Kreis_CB_Huttmann_V5.png\"},{\"@type\":\"BreadcrumbList\",\"@id\":\"https:\/\/www.carbonbridge.de\/de\/broschuere-download\/#breadcrumb\",\"itemListElement\":[{\"@type\":\"ListItem\",\"position\":1,\"name\":\"Home\",\"item\":\"https:\/\/www.carbonbridge.de\/de\/\"},{\"@type\":\"ListItem\",\"position\":2,\"name\":\"Brosch\u00fcre Download\"}]},{\"@type\":\"WebSite\",\"@id\":\"https:\/\/www.carbonbridge.de\/de\/#website\",\"url\":\"https:\/\/www.carbonbridge.de\/de\/\",\"name\":\"CarbonBridge\",\"description\":\"Germany&#039;s First Operational CO2 Export Terminal\",\"publisher\":{\"@id\":\"https:\/\/www.carbonbridge.de\/de\/#organization\"},\"alternateName\":\"C02 Storage and CO2 Export Terminal\",\"potentialAction\":[{\"@type\":\"SearchAction\",\"target\":{\"@type\":\"EntryPoint\",\"urlTemplate\":\"https:\/\/www.carbonbridge.de\/de\/?s={search_term_string}\"},\"query-input\":{\"@type\":\"PropertyValueSpecification\",\"valueRequired\":true,\"valueName\":\"search_term_string\"}}],\"inLanguage\":\"de\"},{\"@type\":\"Organization\",\"@id\":\"https:\/\/www.carbonbridge.de\/de\/#organization\",\"name\":\"CarbonBridge\",\"alternateName\":\"Carbon Bridge\",\"url\":\"https:\/\/www.carbonbridge.de\/de\/\",\"logo\":{\"@type\":\"ImageObject\",\"inLanguage\":\"de\",\"@id\":\"https:\/\/www.carbonbridge.de\/de\/#\/schema\/logo\/image\/\",\"url\":\"https:\/\/www.carbonbridge.de\/wp-content\/uploads\/2025\/10\/cropped-carbon_bridge_fav.png\",\"contentUrl\":\"https:\/\/www.carbonbridge.de\/wp-content\/uploads\/2025\/10\/cropped-carbon_bridge_fav.png\",\"width\":512,\"height\":512,\"caption\":\"CarbonBridge\"},\"image\":{\"@id\":\"https:\/\/www.carbonbridge.de\/de\/#\/schema\/logo\/image\/\"}}]}<\/script>\n<!-- \/ Yoast SEO plugin. -->","yoast_head_json":{"title":"Brosch\u00fcre Download | CarbonBridge","robots":{"index":"index","follow":"follow","max-snippet":"max-snippet:-1","max-image-preview":"max-image-preview:large","max-video-preview":"max-video-preview:-1"},"canonical":"https:\/\/www.carbonbridge.de\/de\/broschuere-download\/","og_locale":"de_DE","og_type":"article","og_title":"Brosch\u00fcre Download | CarbonBridge","og_description":"Ihre Brosch\u00fcre ist bereit zum Download Danke f\u00fcr Ihr Interesse an CarbonBridge!Du kannst unsere Brosch\u00fcre jetzt \u00fcber den untenstehenden Button herunterladen. Datei-Download (PDF) Kontakt aufnehmen Haben Sie Fragen oder Interesse an einer Partnerschaft? F\u00fcllen Sie unser Kontaktfomular aus &#8211; wir werden uns so schnell wie m\u00f6glich bei Ihnen melden. Nachricht senden Raphael H\u00fcttmann Projektmanager P: [&hellip;]","og_url":"https:\/\/www.carbonbridge.de\/de\/broschuere-download\/","og_site_name":"CarbonBridge","article_modified_time":"2025-10-20T18:46:03+00:00","og_image":[{"url":"https:\/\/www.carbonbridge.de\/wp-content\/uploads\/2025\/07\/Kreis_CB_Huttmann_V5.png","type":"","width":"","height":""}],"twitter_card":"summary_large_image","twitter_misc":{"Gesch\u00e4tzte Lesezeit":"1\u00a0Minute"},"schema":{"@context":"https:\/\/schema.org","@graph":[{"@type":"WebPage","@id":"https:\/\/www.carbonbridge.de\/de\/broschuere-download\/","url":"https:\/\/www.carbonbridge.de\/de\/broschuere-download\/","name":"Brosch\u00fcre Download | CarbonBridge","isPartOf":{"@id":"https:\/\/www.carbonbridge.de\/de\/#website"},"primaryImageOfPage":{"@id":"https:\/\/www.carbonbridge.de\/de\/broschuere-download\/#primaryimage"},"image":{"@id":"https:\/\/www.carbonbridge.de\/de\/broschuere-download\/#primaryimage"},"thumbnailUrl":"https:\/\/www.carbonbridge.de\/wp-content\/uploads\/2025\/07\/Kreis_CB_Huttmann_V5.png","datePublished":"2025-10-09T18:06:17+00:00","dateModified":"2025-10-20T18:46:03+00:00","breadcrumb":{"@id":"https:\/\/www.carbonbridge.de\/de\/broschuere-download\/#breadcrumb"},"inLanguage":"de","potentialAction":[{"@type":"ReadAction","target":["https:\/\/www.carbonbridge.de\/de\/broschuere-download\/"]}]},{"@type":"ImageObject","inLanguage":"de","@id":"https:\/\/www.carbonbridge.de\/de\/broschuere-download\/#primaryimage","url":"https:\/\/www.carbonbridge.de\/wp-content\/uploads\/2025\/07\/Kreis_CB_Huttmann_V5.png","contentUrl":"https:\/\/www.carbonbridge.de\/wp-content\/uploads\/2025\/07\/Kreis_CB_Huttmann_V5.png"},{"@type":"BreadcrumbList","@id":"https:\/\/www.carbonbridge.de\/de\/broschuere-download\/#breadcrumb","itemListElement":[{"@type":"ListItem","position":1,"name":"Home","item":"https:\/\/www.carbonbridge.de\/de\/"},{"@type":"ListItem","position":2,"name":"Brosch\u00fcre Download"}]},{"@type":"WebSite","@id":"https:\/\/www.carbonbridge.de\/de\/#website","url":"https:\/\/www.carbonbridge.de\/de\/","name":"CarbonBridge","description":"Germany&#039;s First Operational CO2 Export Terminal","publisher":{"@id":"https:\/\/www.carbonbridge.de\/de\/#organization"},"alternateName":"C02 Storage and CO2 Export Terminal","potentialAction":[{"@type":"SearchAction","target":{"@type":"EntryPoint","urlTemplate":"https:\/\/www.carbonbridge.de\/de\/?s={search_term_string}"},"query-input":{"@type":"PropertyValueSpecification","valueRequired":true,"valueName":"search_term_string"}}],"inLanguage":"de"},{"@type":"Organization","@id":"https:\/\/www.carbonbridge.de\/de\/#organization","name":"CarbonBridge","alternateName":"Carbon Bridge","url":"https:\/\/www.carbonbridge.de\/de\/","logo":{"@type":"ImageObject","inLanguage":"de","@id":"https:\/\/www.carbonbridge.de\/de\/#\/schema\/logo\/image\/","url":"https:\/\/www.carbonbridge.de\/wp-content\/uploads\/2025\/10\/cropped-carbon_bridge_fav.png","contentUrl":"https:\/\/www.carbonbridge.de\/wp-content\/uploads\/2025\/10\/cropped-carbon_bridge_fav.png","width":512,"height":512,"caption":"CarbonBridge"},"image":{"@id":"https:\/\/www.carbonbridge.de\/de\/#\/schema\/logo\/image\/"}}]}},"_links":{"self":[{"href":"https:\/\/www.carbonbridge.de\/de\/wp-json\/wp\/v2\/pages\/2668","targetHints":{"allow":["GET"]}}],"collection":[{"href":"https:\/\/www.carbonbridge.de\/de\/wp-json\/wp\/v2\/pages"}],"about":[{"href":"https:\/\/www.carbonbridge.de\/de\/wp-json\/wp\/v2\/types\/page"}],"author":[{"embeddable":true,"href":"https:\/\/www.carbonbridge.de\/de\/wp-json\/wp\/v2\/users\/1"}],"replies":[{"embeddable":true,"href":"https:\/\/www.carbonbridge.de\/de\/wp-json\/wp\/v2\/comments?post=2668"}],"version-history":[{"count":0,"href":"https:\/\/www.carbonbridge.de\/de\/wp-json\/wp\/v2\/pages\/2668\/revisions"}],"wp:attachment":[{"href":"https:\/\/www.carbonbridge.de\/de\/wp-json\/wp\/v2\/media?parent=2668"}],"curies":[{"name":"wp","href":"https:\/\/api.w.org\/{rel}","templated":true}]}}